{"id":12,"date":"2021-11-07T22:41:12","date_gmt":"2021-11-08T01:41:12","guid":{"rendered":"https:\/\/projetolouvai.com.br\/loja-de-partitura\/?post_type=product&#038;p=12"},"modified":"2022-09-03T14:21:00","modified_gmt":"2022-09-03T17:21:00","slug":"partitura-para-violino-com-piano-santo-santo-santo-serie-didatica","status":"publish","type":"product","link":"https:\/\/projetolouvai.com.br\/loja\/produto\/partitura-para-violino-com-piano-santo-santo-santo-serie-didatica\/","title":{"rendered":"Santo, Santo, Santo &#8211; Partitura para Violino com Piano &#8211;  S\u00e9rie Did\u00e1tica"},"content":{"rendered":"<p>Este arranjo foi feito para que o aluno iniciante no\u00a0<strong>Violino<\/strong>\u00a0consiga estudar as\u00a0<strong>Cordas Soltas<\/strong>\u00a0de forma musical. Neste dueto quem faz a melodia \u00e9 o Piano e o Violino o acompanha atrav\u00e9s das\u00a0<strong>Cordas Soltas<\/strong>.<\/p>\n<p><strong>Figuras de Tempo:<\/strong>\u00a0Sem\u00ednima, M\u00ednima, Sem\u00ednima Pontuada, Colcheia, M\u00ednima Pontuada, Pausa de Sem\u00ednima<\/p>\n<p><strong>Notas:<\/strong>\u00a0Cordas Soltas: R\u00e9, L\u00e1, Mi<\/p>\n<p><iframe loading=\"lazy\" title=\"Santo, Santo, Santo - Partitura para Violino | S\u00e9rie Did\u00e1tica\" width=\"980\" height=\"551\" src=\"https:\/\/www.youtube.com\/embed\/QHKTwI3EUXo?feature=oembed\" frameborder=\"0\" allow=\"accelerometer; autoplay; clipboard-write; encrypted-media; gyroscope; picture-in-picture\" allowfullscreen><\/iframe><\/p>\n","protected":false},"excerpt":{"rendered":"<p>Este arranjo foi feito para que o aluno iniciante no\u00a0Violino\u00a0consiga estudar as\u00a0Cordas Soltas\u00a0de forma musical. Neste dueto quem faz a melodia \u00e9 o Piano e o Violino o acompanha atrav\u00e9s das\u00a0Cordas Soltas. Figuras de Tempo:\u00a0Sem\u00ednima, M\u00ednima, Sem\u00ednima Pontuada, Colcheia, M\u00ednima Pontuada, Pausa de Sem\u00ednima Notas:\u00a0Cordas Soltas: R\u00e9, L\u00e1, Mi<\/p>\n","protected":false},"featured_media":162,"comment_status":"open","ping_status":"closed","template":"","meta":[],"product_brand":[],"product_cat":[19,18,15],"product_tag":[29],"class_list":{"0":"post-12","1":"product","2":"type-product","3":"status-publish","4":"has-post-thumbnail","6":"product_cat-partituras-para-violino-com-piano","7":"product_cat-serie-didatica","8":"product_cat-partituras-para-violino","9":"product_tag-corda-solta-violino","11":"first","12":"instock","13":"downloadable","14":"shipping-taxable","15":"purchasable","16":"product-type-simple"},"jetpack_sharing_enabled":true,"_links":{"self":[{"href":"https:\/\/projetolouvai.com.br\/loja\/wp-json\/wp\/v2\/product\/12","targetHints":{"allow":["GET"]}}],"collection":[{"href":"https:\/\/projetolouvai.com.br\/loja\/wp-json\/wp\/v2\/product"}],"about":[{"href":"https:\/\/projetolouvai.com.br\/loja\/wp-json\/wp\/v2\/types\/product"}],"replies":[{"embeddable":true,"href":"https:\/\/projetolouvai.com.br\/loja\/wp-json\/wp\/v2\/comments?post=12"}],"wp:featuredmedia":[{"embeddable":true,"href":"https:\/\/projetolouvai.com.br\/loja\/wp-json\/wp\/v2\/media\/162"}],"wp:attachment":[{"href":"https:\/\/projetolouvai.com.br\/loja\/wp-json\/wp\/v2\/media?parent=12"}],"wp:term":[{"taxonomy":"product_brand","embeddable":true,"href":"https:\/\/projetolouvai.com.br\/loja\/wp-json\/wp\/v2\/product_brand?post=12"},{"taxonomy":"product_cat","embeddable":true,"href":"https:\/\/projetolouvai.com.br\/loja\/wp-json\/wp\/v2\/product_cat?post=12"},{"taxonomy":"product_tag","embeddable":true,"href":"https:\/\/projetolouvai.com.br\/loja\/wp-json\/wp\/v2\/product_tag?post=12"}],"curies":[{"name":"wp","href":"https:\/\/api.w.org\/{rel}","templated":true}]}}