{"id":123,"date":"2021-11-10T23:33:51","date_gmt":"2021-11-11T02:33:51","guid":{"rendered":"https:\/\/projetolouvai.com.br\/loja\/?post_type=product&#038;p=123"},"modified":"2021-11-28T19:39:06","modified_gmt":"2021-11-28T22:39:06","slug":"santo-santo-santo-partitura-para-viola-com-piano-serie-didatica","status":"publish","type":"product","link":"https:\/\/projetolouvai.com.br\/loja\/produto\/santo-santo-santo-partitura-para-viola-com-piano-serie-didatica\/","title":{"rendered":"Santo, Santo, Santo &#8211; Partitura para Viola com Piano &#8211;  S\u00e9rie Did\u00e1tica"},"content":{"rendered":"<p>Este arranjo foi feito para que o aluno iniciante na <strong>Viola<\/strong> consiga estudar as <strong>Cordas Soltas<\/strong> de forma musical. Neste dueto quem faz a melodia \u00e9 o Piano e o Viola o acompanha atrav\u00e9s das <strong>Cordas Soltas<\/strong>.<\/p>\n<p><strong>Figuras de Tempo:<\/strong> Sem\u00ednima, M\u00ednima, Sem\u00ednima Pontuada, Colcheia, M\u00ednima Pontuada, Pausa de Sem\u00ednima<\/p>\n<p><strong>Notas:<\/strong> Cordas Soltas: R\u00e9, L\u00e1<\/p>\n<p><iframe loading=\"lazy\" title=\"Santo, Santo, Santo - Partitura para Viola | S\u00e9rie Did\u00e1tica\" width=\"980\" height=\"551\" src=\"https:\/\/www.youtube.com\/embed\/8vyWRkLmpEs?feature=oembed\" frameborder=\"0\" allow=\"accelerometer; autoplay; clipboard-write; encrypted-media; gyroscope; picture-in-picture\" allowfullscreen><\/iframe><\/p>\n","protected":false},"excerpt":{"rendered":"<p>Este arranjo foi feito para que o aluno iniciante na Viola consiga estudar as Cordas Soltas de forma musical. Neste dueto quem faz a melodia \u00e9 o Piano e o Viola o acompanha atrav\u00e9s das Cordas Soltas. Figuras de Tempo: Sem\u00ednima, M\u00ednima, Sem\u00ednima Pontuada, Colcheia, M\u00ednima Pontuada, Pausa de Sem\u00ednima Notas: Cordas Soltas: R\u00e9, L\u00e1<\/p>\n","protected":false},"featured_media":125,"comment_status":"open","ping_status":"closed","template":"","meta":[],"product_brand":[],"product_cat":[27,26,25],"product_tag":[28],"class_list":{"0":"post-123","1":"product","2":"type-product","3":"status-publish","4":"has-post-thumbnail","6":"product_cat-acompanhamento-de-piano","7":"product_cat-serie-didatica-viola","8":"product_cat-viola","9":"product_tag-corda-solta-viola","11":"first","12":"instock","13":"downloadable","14":"shipping-taxable","15":"purchasable","16":"product-type-simple"},"jetpack_sharing_enabled":true,"_links":{"self":[{"href":"https:\/\/projetolouvai.com.br\/loja\/wp-json\/wp\/v2\/product\/123","targetHints":{"allow":["GET"]}}],"collection":[{"href":"https:\/\/projetolouvai.com.br\/loja\/wp-json\/wp\/v2\/product"}],"about":[{"href":"https:\/\/projetolouvai.com.br\/loja\/wp-json\/wp\/v2\/types\/product"}],"replies":[{"embeddable":true,"href":"https:\/\/projetolouvai.com.br\/loja\/wp-json\/wp\/v2\/comments?post=123"}],"wp:featuredmedia":[{"embeddable":true,"href":"https:\/\/projetolouvai.com.br\/loja\/wp-json\/wp\/v2\/media\/125"}],"wp:attachment":[{"href":"https:\/\/projetolouvai.com.br\/loja\/wp-json\/wp\/v2\/media?parent=123"}],"wp:term":[{"taxonomy":"product_brand","embeddable":true,"href":"https:\/\/projetolouvai.com.br\/loja\/wp-json\/wp\/v2\/product_brand?post=123"},{"taxonomy":"product_cat","embeddable":true,"href":"https:\/\/projetolouvai.com.br\/loja\/wp-json\/wp\/v2\/product_cat?post=123"},{"taxonomy":"product_tag","embeddable":true,"href":"https:\/\/projetolouvai.com.br\/loja\/wp-json\/wp\/v2\/product_tag?post=123"}],"curies":[{"name":"wp","href":"https:\/\/api.w.org\/{rel}","templated":true}]}}