{"id":130,"date":"2021-11-11T15:12:15","date_gmt":"2021-11-11T18:12:15","guid":{"rendered":"https:\/\/projetolouvai.com.br\/loja\/?post_type=product&#038;p=130"},"modified":"2021-11-28T19:38:55","modified_gmt":"2021-11-28T22:38:55","slug":"santo-santo-santo-partitura-para-piano-serie-didatica","status":"publish","type":"product","link":"https:\/\/projetolouvai.com.br\/loja\/produto\/santo-santo-santo-partitura-para-piano-serie-didatica\/","title":{"rendered":"Santo, Santo, Santo &#8211; Partitura para Piano &#8211; S\u00e9rie Did\u00e1tica"},"content":{"rendered":"<p>Este arranjo foi feito para que o aluno iniciante no\u00a0<strong>Piano<\/strong>, consiga estudar de forma musical a t\u00e9cnica do piano.<\/p>\n<p><strong>Figuras de Tempo:<\/strong> Sem\u00ednima, M\u00ednima, Sem\u00ednima Pontuada, Colcheia, M\u00ednima Pontuada, Pausa de Sem\u00ednima.<\/p>\n<p><strong>Notas da M\u00e3o Esquerda:<\/strong> R\u00e93 &#8211; Mi3 &#8211; F\u00e1#3 &#8211; Sol3 &#8211; L\u00e13 &#8211; Si3 &#8211; D\u00f3#4 &#8211; R\u00e94<\/p>\n<p><strong>Notas da M\u00e3o Esquerda:<\/strong> F\u00e1#1 &#8211; Sol1 &#8211; L\u00e11 &#8211; Si &#8211; D\u00f3#1 &#8211; R\u00e9<\/p>\n<p><iframe loading=\"lazy\" title=\"Santo, Santo, Santo - Partitura para Piano | S\u00e9rie Did\u00e1tica\" width=\"980\" height=\"551\" src=\"https:\/\/www.youtube.com\/embed\/FN4mcsAD4P8?feature=oembed\" frameborder=\"0\" allow=\"accelerometer; autoplay; clipboard-write; encrypted-media; gyroscope; picture-in-picture\" allowfullscreen><\/iframe><\/p>\n","protected":false},"excerpt":{"rendered":"<p>Este arranjo foi feito para que o aluno iniciante no\u00a0Piano, consiga estudar de forma musical a t\u00e9cnica do piano. Figuras de Tempo: Sem\u00ednima, M\u00ednima, Sem\u00ednima Pontuada, Colcheia, M\u00ednima Pontuada, Pausa de Sem\u00ednima. Notas da M\u00e3o Esquerda: R\u00e93 &#8211; Mi3 &#8211; F\u00e1#3 &#8211; Sol3 &#8211; L\u00e13 &#8211; Si3 &#8211; D\u00f3#4 &#8211; R\u00e94 Notas da M\u00e3o Esquerda: [&hellip;]<\/p>\n","protected":false},"featured_media":132,"comment_status":"open","ping_status":"closed","template":"","meta":[],"product_brand":[],"product_cat":[20,21,24],"product_tag":[34,22,33,23],"class_list":{"0":"post-130","1":"product","2":"type-product","3":"status-publish","4":"has-post-thumbnail","6":"product_cat-partituras","7":"product_cat-piano","8":"product_cat-serie-didatica-para-piano","9":"product_tag-me-fa1-sol1-la1-si-do1-re","10":"product_tag-partituras-para-piano","11":"product_tag-re3-mi3-fa3-sol3-la3-si3-do4-re4","12":"product_tag-serie-didatica","14":"first","15":"instock","16":"downloadable","17":"shipping-taxable","18":"purchasable","19":"product-type-simple"},"jetpack_sharing_enabled":true,"_links":{"self":[{"href":"https:\/\/projetolouvai.com.br\/loja\/wp-json\/wp\/v2\/product\/130","targetHints":{"allow":["GET"]}}],"collection":[{"href":"https:\/\/projetolouvai.com.br\/loja\/wp-json\/wp\/v2\/product"}],"about":[{"href":"https:\/\/projetolouvai.com.br\/loja\/wp-json\/wp\/v2\/types\/product"}],"replies":[{"embeddable":true,"href":"https:\/\/projetolouvai.com.br\/loja\/wp-json\/wp\/v2\/comments?post=130"}],"wp:featuredmedia":[{"embeddable":true,"href":"https:\/\/projetolouvai.com.br\/loja\/wp-json\/wp\/v2\/media\/132"}],"wp:attachment":[{"href":"https:\/\/projetolouvai.com.br\/loja\/wp-json\/wp\/v2\/media?parent=130"}],"wp:term":[{"taxonomy":"product_brand","embeddable":true,"href":"https:\/\/projetolouvai.com.br\/loja\/wp-json\/wp\/v2\/product_brand?post=130"},{"taxonomy":"product_cat","embeddable":true,"href":"https:\/\/projetolouvai.com.br\/loja\/wp-json\/wp\/v2\/product_cat?post=130"},{"taxonomy":"product_tag","embeddable":true,"href":"https:\/\/projetolouvai.com.br\/loja\/wp-json\/wp\/v2\/product_tag?post=130"}],"curies":[{"name":"wp","href":"https:\/\/api.w.org\/{rel}","templated":true}]}}