{"id":135,"date":"2021-11-11T17:59:30","date_gmt":"2021-11-11T20:59:30","guid":{"rendered":"https:\/\/projetolouvai.com.br\/loja\/?post_type=product&#038;p=135"},"modified":"2021-11-28T19:38:37","modified_gmt":"2021-11-28T22:38:37","slug":"santo-santo-santo-partitura-para-contrabaixo-e-piano-serie-didatica","status":"publish","type":"product","link":"https:\/\/projetolouvai.com.br\/loja\/produto\/santo-santo-santo-partitura-para-contrabaixo-e-piano-serie-didatica\/","title":{"rendered":"Santo, Santo, Santo &#8211;\u00a0Partitura para Contrabaixo e Piano &#8211; S\u00e9rie Did\u00e1tica"},"content":{"rendered":"<p>Este arranjo foi feito para que o aluno iniciante no\u00a0<strong>Contrabaixo<\/strong>\u00a0consiga estudar as\u00a0<strong>Cordas Soltas<\/strong>\u00a0de forma musical. Neste dueto quem faz a melodia \u00e9 o Piano e o Contrabaixo o acompanha atrav\u00e9s das\u00a0<strong>Cordas Soltas<\/strong>.<\/p>\n<p><strong>Figuras de Tempo:<\/strong>\u00a0Sem\u00ednima, M\u00ednima, Sem\u00ednima Pontuada, Colcheia, M\u00ednima Pontuada, Pausa de Sem\u00ednima<\/p>\n<p><strong>Notas:<\/strong>\u00a0Cordas Soltas: Mi, L\u00e1, R\u00e9, Sol<\/p>\n<p><iframe loading=\"lazy\" title=\"Santo, Santo, Santo - Partitura para Contrabaixo com Piano | S\u00e9rie Did\u00e1tica\" width=\"980\" height=\"551\" src=\"https:\/\/www.youtube.com\/embed\/s3SRwg4ry4Y?feature=oembed\" frameborder=\"0\" allow=\"accelerometer; autoplay; clipboard-write; encrypted-media; gyroscope; picture-in-picture\" allowfullscreen><\/iframe><\/p>\n<p>&nbsp;<\/p>\n<h3><\/h3>\n<h3><\/h3>\n","protected":false},"excerpt":{"rendered":"<p>Este arranjo foi feito para que o aluno iniciante no\u00a0Contrabaixo\u00a0consiga estudar as\u00a0Cordas Soltas\u00a0de forma musical. Neste dueto quem faz a melodia \u00e9 o Piano e o Contrabaixo o acompanha atrav\u00e9s das\u00a0Cordas Soltas. Figuras de Tempo:\u00a0Sem\u00ednima, M\u00ednima, Sem\u00ednima Pontuada, Colcheia, M\u00ednima Pontuada, Pausa de Sem\u00ednima Notas:\u00a0Cordas Soltas: Mi, L\u00e1, R\u00e9, Sol &nbsp;<\/p>\n","protected":false},"featured_media":136,"comment_status":"open","ping_status":"closed","template":"","meta":[],"product_brand":[],"product_cat":[42,40,20,41],"product_tag":[48],"class_list":{"0":"post-135","1":"product","2":"type-product","3":"status-publish","4":"has-post-thumbnail","6":"product_cat-acompanhamento-de-piano-serie-didatica-contrabaixo","7":"product_cat-contrabaixo","8":"product_cat-partituras","9":"product_cat-serie-didatica-contrabaixo","10":"product_tag-corda-solta-contrabaixo","12":"first","13":"instock","14":"downloadable","15":"shipping-taxable","16":"purchasable","17":"product-type-simple"},"jetpack_sharing_enabled":true,"_links":{"self":[{"href":"https:\/\/projetolouvai.com.br\/loja\/wp-json\/wp\/v2\/product\/135","targetHints":{"allow":["GET"]}}],"collection":[{"href":"https:\/\/projetolouvai.com.br\/loja\/wp-json\/wp\/v2\/product"}],"about":[{"href":"https:\/\/projetolouvai.com.br\/loja\/wp-json\/wp\/v2\/types\/product"}],"replies":[{"embeddable":true,"href":"https:\/\/projetolouvai.com.br\/loja\/wp-json\/wp\/v2\/comments?post=135"}],"wp:featuredmedia":[{"embeddable":true,"href":"https:\/\/projetolouvai.com.br\/loja\/wp-json\/wp\/v2\/media\/136"}],"wp:attachment":[{"href":"https:\/\/projetolouvai.com.br\/loja\/wp-json\/wp\/v2\/media?parent=135"}],"wp:term":[{"taxonomy":"product_brand","embeddable":true,"href":"https:\/\/projetolouvai.com.br\/loja\/wp-json\/wp\/v2\/product_brand?post=135"},{"taxonomy":"product_cat","embeddable":true,"href":"https:\/\/projetolouvai.com.br\/loja\/wp-json\/wp\/v2\/product_cat?post=135"},{"taxonomy":"product_tag","embeddable":true,"href":"https:\/\/projetolouvai.com.br\/loja\/wp-json\/wp\/v2\/product_tag?post=135"}],"curies":[{"name":"wp","href":"https:\/\/api.w.org\/{rel}","templated":true}]}}