{"id":152,"date":"2021-11-28T18:57:00","date_gmt":"2021-11-28T21:57:00","guid":{"rendered":"https:\/\/projetolouvai.com.br\/loja\/?post_type=product&#038;p=152"},"modified":"2021-11-28T19:37:57","modified_gmt":"2021-11-28T22:37:57","slug":"exercicio-3-escala-de-do-maior-na-guitarra","status":"publish","type":"product","link":"https:\/\/projetolouvai.com.br\/loja\/produto\/exercicio-3-escala-de-do-maior-na-guitarra\/","title":{"rendered":"Exerc\u00edcio 3 &#8211; Escala de D\u00f3 Maior na Guitarra"},"content":{"rendered":"<p>Partitura do exerc\u00edcio para voc\u00ea imprimir.<\/p>\n<p><strong>Informa\u00e7\u00f5es T\u00e9cnicas<\/strong><\/p>\n<p>&#8211; Uma oitava.<\/p>\n<p>&#8211; Digita\u00e7\u00e3o sem cordas soltas.<\/p>\n<p>&#8211; Colcheias e Sem\u00ednimas.<\/p>\n<p>&#8211; Compasso Quatern\u00e1rio.<\/p>\n<p><iframe loading=\"lazy\" title=\"Exerc\u00edcio 3 - Escala de D\u00f3 Maior na Guitarra | S\u00e9rie Did\u00e1tica\" width=\"980\" height=\"551\" src=\"https:\/\/www.youtube.com\/embed\/qxIgeHqi5Pw?feature=oembed\" frameborder=\"0\" allow=\"accelerometer; autoplay; clipboard-write; encrypted-media; gyroscope; picture-in-picture\" allowfullscreen><\/iframe><\/p>\n","protected":false},"excerpt":{"rendered":"<p>Partitura do exerc\u00edcio para voc\u00ea imprimir. Informa\u00e7\u00f5es T\u00e9cnicas &#8211; Uma oitava. &#8211; Digita\u00e7\u00e3o sem cordas soltas. &#8211; Colcheias e Sem\u00ednimas. &#8211; Compasso Quatern\u00e1rio.<\/p>\n","protected":false},"featured_media":149,"comment_status":"open","ping_status":"closed","template":"","meta":[],"product_brand":[],"product_cat":[51,49,50],"product_tag":[52],"class_list":{"0":"post-152","1":"product","2":"type-product","3":"status-publish","4":"has-post-thumbnail","6":"product_cat-escala-de-c","7":"product_cat-guitarra","8":"product_cat-serie-didatica-guitarra","9":"product_tag-tablatura","11":"first","12":"instock","13":"downloadable","14":"shipping-taxable","15":"purchasable","16":"product-type-simple"},"jetpack_sharing_enabled":true,"_links":{"self":[{"href":"https:\/\/projetolouvai.com.br\/loja\/wp-json\/wp\/v2\/product\/152","targetHints":{"allow":["GET"]}}],"collection":[{"href":"https:\/\/projetolouvai.com.br\/loja\/wp-json\/wp\/v2\/product"}],"about":[{"href":"https:\/\/projetolouvai.com.br\/loja\/wp-json\/wp\/v2\/types\/product"}],"replies":[{"embeddable":true,"href":"https:\/\/projetolouvai.com.br\/loja\/wp-json\/wp\/v2\/comments?post=152"}],"wp:featuredmedia":[{"embeddable":true,"href":"https:\/\/projetolouvai.com.br\/loja\/wp-json\/wp\/v2\/media\/149"}],"wp:attachment":[{"href":"https:\/\/projetolouvai.com.br\/loja\/wp-json\/wp\/v2\/media?parent=152"}],"wp:term":[{"taxonomy":"product_brand","embeddable":true,"href":"https:\/\/projetolouvai.com.br\/loja\/wp-json\/wp\/v2\/product_brand?post=152"},{"taxonomy":"product_cat","embeddable":true,"href":"https:\/\/projetolouvai.com.br\/loja\/wp-json\/wp\/v2\/product_cat?post=152"},{"taxonomy":"product_tag","embeddable":true,"href":"https:\/\/projetolouvai.com.br\/loja\/wp-json\/wp\/v2\/product_tag?post=152"}],"curies":[{"name":"wp","href":"https:\/\/api.w.org\/{rel}","templated":true}]}}