{"id":155,"date":"2021-11-30T23:37:06","date_gmt":"2021-12-01T02:37:06","guid":{"rendered":"https:\/\/projetolouvai.com.br\/loja\/?post_type=product&#038;p=155"},"modified":"2022-09-03T14:26:15","modified_gmt":"2022-09-03T17:26:15","slug":"exercicio-1-escala-de-do-maior-no-violino","status":"publish","type":"product","link":"https:\/\/projetolouvai.com.br\/loja\/produto\/exercicio-1-escala-de-do-maior-no-violino\/","title":{"rendered":"Exerc\u00edcio 1 &#8211; Escala de D\u00f3 Maior no Violino"},"content":{"rendered":"<p>Partitura do exerc\u00edcio para voc\u00ea imprimir.<\/p>\n<p><strong>Informa\u00e7\u00f5es T\u00e9cnicas<\/strong><\/p>\n<p>&#8211; Uma oitava.<\/p>\n<p>&#8211; Sem\u00ednimas.<\/p>\n<p>&#8211; Compasso Quatern\u00e1rio.<\/p>\n<p><iframe loading=\"lazy\" title=\"Escala de C | D\u00f3 Maior (Lento) para Violino\" width=\"980\" height=\"551\" src=\"https:\/\/www.youtube.com\/embed\/oA6MmRWFsfU?feature=oembed\" frameborder=\"0\" allow=\"accelerometer; autoplay; clipboard-write; encrypted-media; gyroscope; picture-in-picture\" allowfullscreen><\/iframe><\/p>\n","protected":false},"excerpt":{"rendered":"<p>Partitura do exerc\u00edcio para voc\u00ea imprimir. Informa\u00e7\u00f5es T\u00e9cnicas &#8211; Uma oitava. &#8211; Sem\u00ednimas. &#8211; Compasso Quatern\u00e1rio.<\/p>\n","protected":false},"featured_media":162,"comment_status":"open","ping_status":"closed","template":"","meta":[],"product_brand":[],"product_cat":[53,20,18,15],"product_tag":[],"class_list":{"0":"post-155","1":"product","2":"type-product","3":"status-publish","4":"has-post-thumbnail","6":"product_cat-escala-de-c-serie-didatica","7":"product_cat-partituras","8":"product_cat-serie-didatica","9":"product_cat-partituras-para-violino","11":"first","12":"instock","13":"downloadable","14":"shipping-taxable","15":"purchasable","16":"product-type-simple"},"jetpack_sharing_enabled":true,"_links":{"self":[{"href":"https:\/\/projetolouvai.com.br\/loja\/wp-json\/wp\/v2\/product\/155","targetHints":{"allow":["GET"]}}],"collection":[{"href":"https:\/\/projetolouvai.com.br\/loja\/wp-json\/wp\/v2\/product"}],"about":[{"href":"https:\/\/projetolouvai.com.br\/loja\/wp-json\/wp\/v2\/types\/product"}],"replies":[{"embeddable":true,"href":"https:\/\/projetolouvai.com.br\/loja\/wp-json\/wp\/v2\/comments?post=155"}],"wp:featuredmedia":[{"embeddable":true,"href":"https:\/\/projetolouvai.com.br\/loja\/wp-json\/wp\/v2\/media\/162"}],"wp:attachment":[{"href":"https:\/\/projetolouvai.com.br\/loja\/wp-json\/wp\/v2\/media?parent=155"}],"wp:term":[{"taxonomy":"product_brand","embeddable":true,"href":"https:\/\/projetolouvai.com.br\/loja\/wp-json\/wp\/v2\/product_brand?post=155"},{"taxonomy":"product_cat","embeddable":true,"href":"https:\/\/projetolouvai.com.br\/loja\/wp-json\/wp\/v2\/product_cat?post=155"},{"taxonomy":"product_tag","embeddable":true,"href":"https:\/\/projetolouvai.com.br\/loja\/wp-json\/wp\/v2\/product_tag?post=155"}],"curies":[{"name":"wp","href":"https:\/\/api.w.org\/{rel}","templated":true}]}}