{"id":169,"date":"2022-09-15T14:01:41","date_gmt":"2022-09-15T17:01:41","guid":{"rendered":"https:\/\/projetolouvai.com.br\/loja\/?post_type=product&#038;p=169"},"modified":"2022-09-16T10:03:10","modified_gmt":"2022-09-16T13:03:10","slug":"partituras-gratis-da-musica-antifona-cantor-cristao-1-para-orquestra-de-cordas-dos-classicos-do-gospel-gospel-gratuito-tom-mi-bemol-maior","status":"publish","type":"product","link":"https:\/\/projetolouvai.com.br\/loja\/produto\/partituras-gratis-da-musica-antifona-cantor-cristao-1-para-orquestra-de-cordas-dos-classicos-do-gospel-gospel-gratuito-tom-mi-bemol-maior\/","title":{"rendered":"Ant\u00edfona | Partitura para Orquestra de Cordas | Cantor Crist\u00e3o n\u00ba1"},"content":{"rendered":"<p>Voc\u00ea receber\u00e1 as partituras da:<\/p>\n<ul>\n<li>Grade<\/li>\n<li>Violino1<\/li>\n<li>Violino 2<\/li>\n<li>Viola de Arco<\/li>\n<li>Violoncelo<\/li>\n<li>Contrabaixo.<\/li>\n<\/ul>\n<p><iframe loading=\"lazy\" title=\"1   Ant\u00edfona   Cantor Crist\u00e3o   V\u00eddeo\" width=\"980\" height=\"551\" src=\"https:\/\/www.youtube.com\/embed\/AEkPK-KlXTI?feature=oembed\" frameborder=\"0\" allow=\"accelerometer; autoplay; clipboard-write; encrypted-media; gyroscope; picture-in-picture\" allowfullscreen><\/iframe><\/p>\n","protected":false},"excerpt":{"rendered":"<p>Arranjo para Orquestra de Cordas da m\u00fasica Ant\u00edfona do Cantor Crist\u00e3o n\u00ba1 | N\u00edvel F\u00e1cil.<\/p>\n","protected":false},"featured_media":170,"comment_status":"open","ping_status":"closed","template":"","meta":[],"product_brand":[],"product_cat":[62,63,61,20],"product_tag":[65,64,66],"class_list":{"0":"post-169","1":"product","2":"type-product","3":"status-publish","4":"has-post-thumbnail","6":"product_cat-cantor-cristao","7":"product_cat-nivel-facil","8":"product_cat-orquestra-de-cordas-partituras","9":"product_cat-partituras","10":"product_tag-cantor-cristao","11":"product_tag-orquestra-de-cordas","12":"product_tag-raphael-muniz","14":"first","15":"instock","16":"downloadable","17":"shipping-taxable","18":"purchasable","19":"product-type-simple"},"jetpack_sharing_enabled":true,"_links":{"self":[{"href":"https:\/\/projetolouvai.com.br\/loja\/wp-json\/wp\/v2\/product\/169","targetHints":{"allow":["GET"]}}],"collection":[{"href":"https:\/\/projetolouvai.com.br\/loja\/wp-json\/wp\/v2\/product"}],"about":[{"href":"https:\/\/projetolouvai.com.br\/loja\/wp-json\/wp\/v2\/types\/product"}],"replies":[{"embeddable":true,"href":"https:\/\/projetolouvai.com.br\/loja\/wp-json\/wp\/v2\/comments?post=169"}],"wp:featuredmedia":[{"embeddable":true,"href":"https:\/\/projetolouvai.com.br\/loja\/wp-json\/wp\/v2\/media\/170"}],"wp:attachment":[{"href":"https:\/\/projetolouvai.com.br\/loja\/wp-json\/wp\/v2\/media?parent=169"}],"wp:term":[{"taxonomy":"product_brand","embeddable":true,"href":"https:\/\/projetolouvai.com.br\/loja\/wp-json\/wp\/v2\/product_brand?post=169"},{"taxonomy":"product_cat","embeddable":true,"href":"https:\/\/projetolouvai.com.br\/loja\/wp-json\/wp\/v2\/product_cat?post=169"},{"taxonomy":"product_tag","embeddable":true,"href":"https:\/\/projetolouvai.com.br\/loja\/wp-json\/wp\/v2\/product_tag?post=169"}],"curies":[{"name":"wp","href":"https:\/\/api.w.org\/{rel}","templated":true}]}}