{"id":179,"date":"2024-03-09T22:33:11","date_gmt":"2024-03-10T01:33:11","guid":{"rendered":"https:\/\/projetolouvai.com.br\/loja\/?post_type=product&#038;p=179"},"modified":"2024-03-09T22:46:58","modified_gmt":"2024-03-10T01:46:58","slug":"poderosamente-vivo-kit-de-ensaio-para-ministerio-de-louvor","status":"publish","type":"product","link":"https:\/\/projetolouvai.com.br\/loja\/produto\/poderosamente-vivo-kit-de-ensaio-para-ministerio-de-louvor\/","title":{"rendered":"Poderosamente Vivo &#8211; Kit de Ensaio para Minist\u00e9rio de Louvor"},"content":{"rendered":"<p>Poderosamente Vivo \u00e9 um Kit de Ensaio especialmente projetado para Minist\u00e9rios de Louvor e Grupos Vocais. Composto por m\u00fasicas inspiradoras, esse kit oferece recursos para aprimorar os ensaios e a performance do grupo.<\/p>\n<p>Aqui est\u00e3o alguns detalhes sobre o Kit de Ensaio Poderosamente Vivo:<\/p>\n<p>M\u00fasica: A can\u00e7\u00e3o \u201cPoderosamente Vivo\u201d \u00e9 interpretada pela cantora Sandra Pires. A letra fala sobre a vida, morte e ressurrei\u00e7\u00e3o de Jesus, destacando a vit\u00f3ria sobre o pecado e a salva\u00e7\u00e3o atrav\u00e9s do sacrif\u00edcio na cruz1.<br \/>\nComposi\u00e7\u00e3o Vocal: O kit foi projetado para um Grupo Vocal de Voz Mista (Soprano, Contralto e Tenor). Caso deseje as vozes em formato MP3, voc\u00ea pode adquiri-las atrav\u00e9s do link fornecido2.<br \/>\nProp\u00f3sito: O kit visa aprimorar os ensaios e a performance do minist\u00e9rio de louvor, fornecendo recursos musicais para a equipe.<\/p>\n","protected":false},"excerpt":{"rendered":"<p>Poderosamente Vivo \u00e9 um Kit de Ensaio especialmente projetado para Minist\u00e9rios de Louvor e Grupos Vocais. Composto por m\u00fasicas inspiradoras, esse kit oferece recursos para aprimorar os ensaios e a performance do grupo.<\/p>\n","protected":false},"featured_media":181,"comment_status":"open","ping_status":"closed","template":"","meta":[],"product_brand":[],"product_cat":[62,67,63,61],"product_tag":[68],"class_list":{"0":"post-179","1":"product","2":"type-product","3":"status-publish","4":"has-post-thumbnail","6":"product_cat-cantor-cristao","7":"product_cat-kit-de-ensaio","8":"product_cat-nivel-facil","9":"product_cat-orquestra-de-cordas-partituras","10":"product_tag-kit-de-ensaio","12":"first","13":"instock","14":"downloadable","15":"shipping-taxable","16":"purchasable","17":"product-type-simple"},"jetpack_sharing_enabled":true,"_links":{"self":[{"href":"https:\/\/projetolouvai.com.br\/loja\/wp-json\/wp\/v2\/product\/179","targetHints":{"allow":["GET"]}}],"collection":[{"href":"https:\/\/projetolouvai.com.br\/loja\/wp-json\/wp\/v2\/product"}],"about":[{"href":"https:\/\/projetolouvai.com.br\/loja\/wp-json\/wp\/v2\/types\/product"}],"replies":[{"embeddable":true,"href":"https:\/\/projetolouvai.com.br\/loja\/wp-json\/wp\/v2\/comments?post=179"}],"wp:featuredmedia":[{"embeddable":true,"href":"https:\/\/projetolouvai.com.br\/loja\/wp-json\/wp\/v2\/media\/181"}],"wp:attachment":[{"href":"https:\/\/projetolouvai.com.br\/loja\/wp-json\/wp\/v2\/media?parent=179"}],"wp:term":[{"taxonomy":"product_brand","embeddable":true,"href":"https:\/\/projetolouvai.com.br\/loja\/wp-json\/wp\/v2\/product_brand?post=179"},{"taxonomy":"product_cat","embeddable":true,"href":"https:\/\/projetolouvai.com.br\/loja\/wp-json\/wp\/v2\/product_cat?post=179"},{"taxonomy":"product_tag","embeddable":true,"href":"https:\/\/projetolouvai.com.br\/loja\/wp-json\/wp\/v2\/product_tag?post=179"}],"curies":[{"name":"wp","href":"https:\/\/api.w.org\/{rel}","templated":true}]}}