{"id":182,"date":"2024-03-09T22:47:15","date_gmt":"2024-03-10T01:47:15","guid":{"rendered":"https:\/\/projetolouvai.com.br\/loja\/?post_type=product&#038;p=182"},"modified":"2024-03-09T22:51:17","modified_gmt":"2024-03-10T01:51:17","slug":"sai-da-tua-tenda-as-promessas-do-pai-kit-de-ensaio-para-ministerio-de-louvor","status":"publish","type":"product","link":"https:\/\/projetolouvai.com.br\/loja\/produto\/sai-da-tua-tenda-as-promessas-do-pai-kit-de-ensaio-para-ministerio-de-louvor\/","title":{"rendered":"Poderosamente Vivo &#8211; Kit de Ensaio para Minist\u00e9rio de Louvor (c\u00f3pia)"},"content":{"rendered":"<p>Sai da Tua Tenda \u00e9 um Kit de Ensaio especialmente projetado para Minist\u00e9rios de Louvor e Grupos Vocais. Composto por m\u00fasicas inspiradoras, esse kit oferece recursos para aprimorar os ensaios e a performance do grupo.<\/p>\n<p>Aqui est\u00e3o alguns detalhes sobre o Kit de Ensaio Sai da Tua Tenda:<\/p>\n<p>M\u00fasica: A can\u00e7\u00e3o Sai da Tua Tenda (As promessas do Pai) \u00e9 interpretada pelo Minist\u00e9rio Sai da Tenda.<br \/>\nComposi\u00e7\u00e3o Vocal: O kit foi projetado para um Grupo Vocal de Voz Mista (Soprano, Contralto e Tenor). Caso deseje as vozes em formato MP3, voc\u00ea pode adquiri-las atrav\u00e9s do link fornecido2.<br \/>\nProp\u00f3sito: O kit visa aprimorar os ensaios e a performance do minist\u00e9rio de louvor, fornecendo recursos musicais para a equipe.<\/p>\n","protected":false},"excerpt":{"rendered":"<p>Sai da Tua Tenda \u00e9 um Kit de Ensaio especialmente projetado para Minist\u00e9rios de Louvor e Grupos Vocais. Composto por m\u00fasicas inspiradoras, esse kit oferece recursos para aprimorar os ensaios e a performance do grupo.<\/p>\n","protected":false},"featured_media":180,"comment_status":"open","ping_status":"closed","template":"","meta":[],"product_brand":[],"product_cat":[67],"product_tag":[68],"class_list":{"0":"post-182","1":"product","2":"type-product","3":"status-publish","4":"has-post-thumbnail","6":"product_cat-kit-de-ensaio","7":"product_tag-kit-de-ensaio","9":"first","10":"instock","11":"downloadable","12":"shipping-taxable","13":"purchasable","14":"product-type-simple"},"jetpack_sharing_enabled":true,"_links":{"self":[{"href":"https:\/\/projetolouvai.com.br\/loja\/wp-json\/wp\/v2\/product\/182","targetHints":{"allow":["GET"]}}],"collection":[{"href":"https:\/\/projetolouvai.com.br\/loja\/wp-json\/wp\/v2\/product"}],"about":[{"href":"https:\/\/projetolouvai.com.br\/loja\/wp-json\/wp\/v2\/types\/product"}],"replies":[{"embeddable":true,"href":"https:\/\/projetolouvai.com.br\/loja\/wp-json\/wp\/v2\/comments?post=182"}],"wp:featuredmedia":[{"embeddable":true,"href":"https:\/\/projetolouvai.com.br\/loja\/wp-json\/wp\/v2\/media\/180"}],"wp:attachment":[{"href":"https:\/\/projetolouvai.com.br\/loja\/wp-json\/wp\/v2\/media?parent=182"}],"wp:term":[{"taxonomy":"product_brand","embeddable":true,"href":"https:\/\/projetolouvai.com.br\/loja\/wp-json\/wp\/v2\/product_brand?post=182"},{"taxonomy":"product_cat","embeddable":true,"href":"https:\/\/projetolouvai.com.br\/loja\/wp-json\/wp\/v2\/product_cat?post=182"},{"taxonomy":"product_tag","embeddable":true,"href":"https:\/\/projetolouvai.com.br\/loja\/wp-json\/wp\/v2\/product_tag?post=182"}],"curies":[{"name":"wp","href":"https:\/\/api.w.org\/{rel}","templated":true}]}}